{"id":510,"date":"2019-09-09T11:47:35","date_gmt":"2019-09-09T11:47:35","guid":{"rendered":"http:\/\/pflege-helden.info\/?page_id=510"},"modified":"2020-05-01T07:48:01","modified_gmt":"2020-05-01T07:48:01","slug":"test","status":"publish","type":"page","link":"https:\/\/pflege-helden.info\/","title":{"rendered":"Pflege-Helden"},"content":{"rendered":"\t\t<div data-elementor-type=\"wp-post\" data-elementor-id=\"510\" class=\"elementor elementor-510\" data-elementor-settings=\"[]\">\n\t\t\t\t\t\t<div class=\"elementor-inner\">\n\t\t\t\t\t\t\t<div class=\"elementor-section-wrap\">\n\t\t\t\t\t\t\t<section class=\"elementor-section elementor-top-section elementor-element elementor-element-ece1ae0 elementor-section-stretched elementor-section-full_width elementor-section-items-top elementor-section-height-full elementor-section-height-default\" data-id=\"ece1ae0\" data-element_type=\"section\" data-settings=\"{&quot;stretch_section&quot;:&quot;section-stretched&quot;,&quot;jet_parallax_layout_list&quot;:[{&quot;jet_parallax_layout_image&quot;:{&quot;url&quot;:&quot;&quot;,&quot;id&quot;:&quot;&quot;},&quot;_id&quot;:&quot;dfcc00e&quot;,&quot;jet_parallax_layout_image_tablet&quot;:{&quot;url&quot;:&quot;&quot;,&quot;id&quot;:&quot;&quot;},&quot;jet_parallax_layout_image_mobile&quot;:{&quot;url&quot;:&quot;&quot;,&quot;id&quot;:&quot;&quot;},&quot;jet_parallax_layout_speed&quot;:{&quot;unit&quot;:&quot;%&quot;,&quot;size&quot;:50,&quot;sizes&quot;:[]},&quot;jet_parallax_layout_type&quot;:&quot;scroll&quot;,&quot;jet_parallax_layout_z_index&quot;:&quot;&quot;,&quot;jet_parallax_layout_bg_x&quot;:50,&quot;jet_parallax_layout_bg_y&quot;:50,&quot;jet_parallax_layout_bg_size&quot;:&quot;auto&quot;,&quot;jet_parallax_layout_animation_prop&quot;:&quot;transform&quot;,&quot;jet_parallax_layout_on&quot;:[&quot;desktop&quot;,&quot;tablet&quot;],&quot;jet_parallax_layout_direction&quot;:null,&quot;jet_parallax_layout_fx_direction&quot;:null,&quot;jet_parallax_layout_bg_x_tablet&quot;:&quot;&quot;,&quot;jet_parallax_layout_bg_x_mobile&quot;:&quot;&quot;,&quot;jet_parallax_layout_bg_y_tablet&quot;:&quot;&quot;,&quot;jet_parallax_layout_bg_y_mobile&quot;:&quot;&quot;,&quot;jet_parallax_layout_bg_size_tablet&quot;:&quot;&quot;,&quot;jet_parallax_layout_bg_size_mobile&quot;:&quot;&quot;}],&quot;background_background&quot;:&quot;classic&quot;}\">\n\t\t\t\t\t\t<div class=\"elementor-container elementor-column-gap-no\">\n\t\t\t\t\t\t\t<div class=\"elementor-row\">\n\t\t\t\t\t<div class=\"elementor-column elementor-col-100 elementor-top-column elementor-element elementor-element-1d256e5\" data-id=\"1d256e5\" data-element_type=\"column\">\n\t\t\t<div class=\"elementor-column-wrap elementor-element-populated\">\n\t\t\t\t\t\t\t<div class=\"elementor-widget-wrap\">\n\t\t\t\t\t\t<section class=\"elementor-section elementor-inner-section elementor-element elementor-element-db3ad83 elementor-section-full_width elementor-section-content-top elementor-section-height-default elementor-section-height-default\" data-id=\"db3ad83\" data-element_type=\"section\" data-settings=\"{&quot;jet_parallax_layout_list&quot;:[{&quot;jet_parallax_layout_image&quot;:{&quot;url&quot;:&quot;&quot;,&quot;id&quot;:&quot;&quot;},&quot;_id&quot;:&quot;0cd7553&quot;,&quot;jet_parallax_layout_image_tablet&quot;:{&quot;url&quot;:&quot;&quot;,&quot;id&quot;:&quot;&quot;},&quot;jet_parallax_layout_image_mobile&quot;:{&quot;url&quot;:&quot;&quot;,&quot;id&quot;:&quot;&quot;},&quot;jet_parallax_layout_speed&quot;:{&quot;unit&quot;:&quot;%&quot;,&quot;size&quot;:50,&quot;sizes&quot;:[]},&quot;jet_parallax_layout_type&quot;:&quot;scroll&quot;,&quot;jet_parallax_layout_z_index&quot;:&quot;&quot;,&quot;jet_parallax_layout_bg_x&quot;:50,&quot;jet_parallax_layout_bg_y&quot;:50,&quot;jet_parallax_layout_bg_size&quot;:&quot;auto&quot;,&quot;jet_parallax_layout_animation_prop&quot;:&quot;transform&quot;,&quot;jet_parallax_layout_on&quot;:[&quot;desktop&quot;,&quot;tablet&quot;],&quot;jet_parallax_layout_direction&quot;:null,&quot;jet_parallax_layout_fx_direction&quot;:null,&quot;jet_parallax_layout_bg_x_tablet&quot;:&quot;&quot;,&quot;jet_parallax_layout_bg_x_mobile&quot;:&quot;&quot;,&quot;jet_parallax_layout_bg_y_tablet&quot;:&quot;&quot;,&quot;jet_parallax_layout_bg_y_mobile&quot;:&quot;&quot;,&quot;jet_parallax_layout_bg_size_tablet&quot;:&quot;&quot;,&quot;jet_parallax_layout_bg_size_mobile&quot;:&quot;&quot;}]}\">\n\t\t\t\t\t\t<div class=\"elementor-container elementor-column-gap-no\">\n\t\t\t\t\t\t\t<div class=\"elementor-row\">\n\t\t\t\t\t<div class=\"elementor-column elementor-col-50 elementor-inner-column elementor-element elementor-element-d46d272\" data-id=\"d46d272\" data-element_type=\"column\" data-settings=\"{&quot;background_background&quot;:&quot;classic&quot;}\">\n\t\t\t<div class=\"elementor-column-wrap elementor-element-populated\">\n\t\t\t\t\t\t\t<div class=\"elementor-widget-wrap\">\n\t\t\t\t\t\t<div class=\"elementor-element elementor-element-d0b311b elementor-widget elementor-widget-text-editor\" data-id=\"d0b311b\" data-element_type=\"widget\" data-widget_type=\"text-editor.default\">\n\t\t\t\t<div class=\"elementor-widget-container\">\n\t\t\t\t\t\t\t\t<div class=\"elementor-text-editor elementor-clearfix\">\n\t\t\t\t<p>Finde<span style=\"color: #008777;\"><strong> passende Ausbildungspl\u00e4tze<\/strong><\/span><br \/>auch in deiner N\u00e4he und bewirb dich jetzt!<\/p>\t\t\t\t\t<\/div>\n\t\t\t\t\t\t<\/div>\n\t\t\t\t<\/div>\n\t\t\t\t\t\t<\/div>\n\t\t\t\t\t<\/div>\n\t\t<\/div>\n\t\t\t\t<div class=\"elementor-column elementor-col-50 elementor-inner-column elementor-element elementor-element-3b7773c\" data-id=\"3b7773c\" data-element_type=\"column\">\n\t\t\t<div class=\"elementor-column-wrap\">\n\t\t\t\t\t\t\t<div class=\"elementor-widget-wrap\">\n\t\t\t\t\t\t\t\t<\/div>\n\t\t\t\t\t<\/div>\n\t\t<\/div>\n\t\t\t\t\t\t\t\t<\/div>\n\t\t\t\t\t<\/div>\n\t\t<\/section>\n\t\t\t\t<section class=\"elementor-section elementor-inner-section elementor-element elementor-element-a032123 elementor-section-full_width elementor-section-content-top elementor-section-height-default elementor-section-height-default\" data-id=\"a032123\" data-element_type=\"section\" data-settings=\"{&quot;jet_parallax_layout_list&quot;:[{&quot;jet_parallax_layout_image&quot;:{&quot;url&quot;:&quot;&quot;,&quot;id&quot;:&quot;&quot;},&quot;_id&quot;:&quot;0cd7553&quot;,&quot;jet_parallax_layout_image_tablet&quot;:{&quot;url&quot;:&quot;&quot;,&quot;id&quot;:&quot;&quot;},&quot;jet_parallax_layout_image_mobile&quot;:{&quot;url&quot;:&quot;&quot;,&quot;id&quot;:&quot;&quot;},&quot;jet_parallax_layout_speed&quot;:{&quot;unit&quot;:&quot;%&quot;,&quot;size&quot;:50,&quot;sizes&quot;:[]},&quot;jet_parallax_layout_type&quot;:&quot;scroll&quot;,&quot;jet_parallax_layout_z_index&quot;:&quot;&quot;,&quot;jet_parallax_layout_bg_x&quot;:50,&quot;jet_parallax_layout_bg_y&quot;:50,&quot;jet_parallax_layout_bg_size&quot;:&quot;auto&quot;,&quot;jet_parallax_layout_animation_prop&quot;:&quot;transform&quot;,&quot;jet_parallax_layout_on&quot;:[&quot;desktop&quot;,&quot;tablet&quot;],&quot;jet_parallax_layout_direction&quot;:null,&quot;jet_parallax_layout_fx_direction&quot;:null,&quot;jet_parallax_layout_bg_x_tablet&quot;:&quot;&quot;,&quot;jet_parallax_layout_bg_x_mobile&quot;:&quot;&quot;,&quot;jet_parallax_layout_bg_y_tablet&quot;:&quot;&quot;,&quot;jet_parallax_layout_bg_y_mobile&quot;:&quot;&quot;,&quot;jet_parallax_layout_bg_size_tablet&quot;:&quot;&quot;,&quot;jet_parallax_layout_bg_size_mobile&quot;:&quot;&quot;}]}\">\n\t\t\t\t\t\t<div class=\"elementor-container elementor-column-gap-no\">\n\t\t\t\t\t\t\t<div class=\"elementor-row\">\n\t\t\t\t\t<div class=\"elementor-column elementor-col-100 elementor-inner-column elementor-element elementor-element-e01e0c9\" data-id=\"e01e0c9\" data-element_type=\"column\">\n\t\t\t<div class=\"elementor-column-wrap\">\n\t\t\t\t\t\t\t<div class=\"elementor-widget-wrap\">\n\t\t\t\t\t\t\t\t<\/div>\n\t\t\t\t\t<\/div>\n\t\t<\/div>\n\t\t\t\t\t\t\t\t<\/div>\n\t\t\t\t\t<\/div>\n\t\t<\/section>\n\t\t\t\t<div class=\"elementor-element elementor-element-4d0ed96 elementor-widget elementor-widget-text-editor\" data-id=\"4d0ed96\" data-element_type=\"widget\" data-widget_type=\"text-editor.default\">\n\t\t\t\t<div class=\"elementor-widget-container\">\n\t\t\t\t\t\t\t<form action=\"\" method=\"post\">\n\t<input type=\"hidden\" name=\"rs_category\" value=\"ausbildungsplatzsuche\">\n\t<table style=\"border-style: none\" class=\"wdn_responsive_table flush-left\"  id=\"ph_suche\">\n\t\t<caption><\/caption>\n\t\t<tbody><tr style=\"border-style: none\">\n\t\t\t<td style=\"padding-right:10px\" colspan=\"1\" id=\"ph_suche_row_0col_0\"><font color=\"#008777\" size=\"5rem\">Postleitzahl: <\/font><\/td>\n\t\t\t<td colspan=\"1\" id=\"ph_suche_row_0col_1\"><input style=\"background: #f9f9f97d; border: 1px solid #008777; padding: 0.5em; border-radius: 0.2em\" type=\"text\" name=\"rs_input_zip\" value=\"\" placeholder=\"Postleitzahl eingeben\"><\/td>\n\n\t\t\t<td style=\"padding-right:10px\" colspan=\"1\" id=\"ph_suche_row_0col_2\"><font color=\"#008777\" size=\"5rem\">Umkreis in km: <\/font><\/td>\n\t\t\t<td colspan=\"1\" id=\"ph_suche_row_0col_3\"><input style=\"background: #f9f9f97d; border: 1px solid #008777; padding: 0.5em; border-radius: 0.2em\" type=\"text\" name=\"rs_input_perimeter\" value=\"\" placeholder=\"Umkreis eingeben\"><\/td>\n\t\t<\/tr>\n\n\t\t<tr style=\"display: none; \">\n\t\t\t<td colspan=\"1\" id=\"ph_suche_row_1col_0\">Country:<\/td>\n\t\t\t<td colspan=\"1\" id=\"ph_suche_row_1col_1\"><input type=\"hidden\" name=\"rs_country\" value=\"DE\"><\/td>\n\t\t\t<td colspan=\"1\" id=\"ph_suche_row_1col_2\"><\/td>\n\t\t\t<td colspan=\"1\" id=\"ph_suche_row_1col_3\"><\/td>\n\t\t<\/tr>\n\n\t\t<tr style=\"padding-top:10px\">\n\t\t\t<td colspan=\"1\" id=\"ph_suche_row_2col_0\"><\/td><td colspan=\"1\" id=\"ph_suche_row_2col_1\"><\/td><td colspan=\"1\" id=\"ph_suche_row_2col_2\"><\/td><td colspan=\"1\" id=\"ph_suche_row_2col_3\">\n\t\t\t\t<input type=\"hidden\" name=\"action\" value=\"rs_search_zip\" \/>\n\t\t\t\t<input style=\"color: #FFF; font-size: 14px;font-weight: bold;background-color:#008777; width: 150px; padding: 0.5em; border-radius: 0.2em; border:none; float: left; margin-top:25px;margin-bottom:15px\" class=\"button button-primary\" type=\"submit\" value=\"Suchen\">\n\t\t\t<\/td>\n\t\t<\/tr>\n\t<\/tbody><\/table>\n<\/form>\n\n\n<!--  table -->\n\n<style>\ntable {\n    width: 100%;\n    max-width: 100%;\n    border: 1px solid #d5d5d2;\n    border-collapse: collapse\n}\n\ntable caption {\n \n    font-weight: 400;\n    font-style: normal;\n    font-size: 2.954rem;\n    line-height: 1;\n    margin-bottom: .75em\n}\n\ntable th {\n\n    font-weight: 400;\n    font-style: normal;\n    text-transform: uppercase;\n    letter-spacing: .02em;\n    font-size: .8rem;\n    padding: 1.2307em 1.0833em 1.0833em;\n    line-height: 1.333;\n    \/\/background-color: #eae9e6\n}\n\ntable td, table th {\n    text-align: left\n}\n\ntable td {\n    padding: .92307em 1em .7692em\n}\n\ntable tbody tr:nth-of-type(even) {\n    \/\/background-color: #f9f8f5\n}\n\ntable tbody th {\n    border-top: 1px solid #d5d5d2\n}\n\ntable tbody td {\n    border-top: 1px solid #d5d5d2\n}\n\ntable.wdn_responsive_table thead th abbr {\n    border-bottom: none\n}\n\n@media screen and (max-width:1024px) {\n    table.wdn_responsive_table td, table.wdn_responsive_table th {\n        display: block\n    }\n\n    table.wdn_responsive_table thead tr {\n        display: none\n    }\n\n    table.wdn_responsive_table tbody tr:first-child th {\n        border-top-width: 0\n    }\n\n    table.wdn_responsive_table tbody tr:nth-of-type(even) {\n        background-color: transparent\n    }\n\n    table.wdn_responsive_table tbody td {\n        text-align: left\n    }\n\n    table.wdn_responsive_table tbody td:before {\n        display: block;\n        font-weight: 700;\n        content: attr(data-header)\n    }\n\n    table.wdn_responsive_table tbody td:empty {\n        display: none\n    }\n\n    table.wdn_responsive_table tbody td:nth-of-type(even) {\n        \/\/background-color: #f9f8f5\n    }\n}\n\n@media (min-width:48em) {\n    table caption {\n        font-size: 2.532rem\n    }\n\n    table th {\n        padding: 1.2307em 1.2307em 1em;\n        font-size: .802rem\n    }\n\n    table td {\n        padding: .75em 1em .602em\n    }\n}\n\n@media screen and (min-width:48em) {\n    table.wdn_responsive_table thead th:not(:first-child) {\n        text-align: center\n    }\n\n    table.wdn_responsive_table tbody td {\n        text-align: center\n    }\n\n    table.wdn_responsive_table.flush-left td, table.wdn_responsive_table.flush-left thead th {\n        text-align: left\n    }\n}\n<\/style>\t\t\t\t\t<div class=\"elementor-text-editor elementor-clearfix\">\n\t\t\t\t\t\t\t\t\t<\/div>\n\t\t\t\t\t\t<\/div>\n\t\t\t\t<\/div>\n\t\t\t\t<div class=\"elementor-element elementor-element-2ef4d9e elementor-widget elementor-widget-spacer\" data-id=\"2ef4d9e\" data-element_type=\"widget\" data-widget_type=\"spacer.default\">\n\t\t\t\t<div class=\"elementor-widget-container\">\n\t\t\t\t\t<div class=\"elementor-spacer\">\n\t\t\t<div class=\"elementor-spacer-inner\"><\/div>\n\t\t<\/div>\n\t\t\t\t<\/div>\n\t\t\t\t<\/div>\n\t\t\t\t<section class=\"elementor-section elementor-inner-section elementor-element elementor-element-fea66e3 elementor-section-full_width elementor-section-height-default elementor-section-height-default\" data-id=\"fea66e3\" data-element_type=\"section\" data-settings=\"{&quot;jet_parallax_layout_list&quot;:[{&quot;jet_parallax_layout_image&quot;:{&quot;url&quot;:&quot;&quot;,&quot;id&quot;:&quot;&quot;},&quot;_id&quot;:&quot;bc27a41&quot;,&quot;jet_parallax_layout_image_tablet&quot;:{&quot;url&quot;:&quot;&quot;,&quot;id&quot;:&quot;&quot;},&quot;jet_parallax_layout_image_mobile&quot;:{&quot;url&quot;:&quot;&quot;,&quot;id&quot;:&quot;&quot;},&quot;jet_parallax_layout_speed&quot;:{&quot;unit&quot;:&quot;%&quot;,&quot;size&quot;:50,&quot;sizes&quot;:[]},&quot;jet_parallax_layout_type&quot;:&quot;scroll&quot;,&quot;jet_parallax_layout_z_index&quot;:&quot;&quot;,&quot;jet_parallax_layout_bg_x&quot;:50,&quot;jet_parallax_layout_bg_y&quot;:50,&quot;jet_parallax_layout_bg_size&quot;:&quot;auto&quot;,&quot;jet_parallax_layout_animation_prop&quot;:&quot;transform&quot;,&quot;jet_parallax_layout_on&quot;:[&quot;desktop&quot;,&quot;tablet&quot;],&quot;jet_parallax_layout_direction&quot;:null,&quot;jet_parallax_layout_fx_direction&quot;:null,&quot;jet_parallax_layout_bg_x_tablet&quot;:&quot;&quot;,&quot;jet_parallax_layout_bg_x_mobile&quot;:&quot;&quot;,&quot;jet_parallax_layout_bg_y_tablet&quot;:&quot;&quot;,&quot;jet_parallax_layout_bg_y_mobile&quot;:&quot;&quot;,&quot;jet_parallax_layout_bg_size_tablet&quot;:&quot;&quot;,&quot;jet_parallax_layout_bg_size_mobile&quot;:&quot;&quot;}]}\">\n\t\t\t\t\t\t<div class=\"elementor-container elementor-column-gap-default\">\n\t\t\t\t\t\t\t<div class=\"elementor-row\">\n\t\t\t\t\t<div class=\"elementor-column elementor-col-100 elementor-inner-column elementor-element elementor-element-fe83f64 jet-family-column-flex-horizontal jet-family-column-flex-end jet-family-column-flex-wrap-true\" data-id=\"fe83f64\" data-element_type=\"column\">\n\t\t\t<div class=\"elementor-column-wrap elementor-element-populated\">\n\t\t\t\t\t\t\t<div class=\"elementor-widget-wrap\">\n\t\t\t\t\t\t<div class=\"elementor-element elementor-element-ca49752 elementor-hidden-phone elementor-widget elementor-widget-slider_revolution\" data-id=\"ca49752\" data-element_type=\"widget\" data-widget_type=\"slider_revolution.default\">\n\t\t\t\t<div class=\"elementor-widget-container\">\n\t\t\t\n\t\t<div class=\"wp-block-themepunch-revslider\">\n\t\t\t<!-- START sprechblase_ph REVOLUTION SLIDER 6.5.11 --><p class=\"rs-p-wp-fix\"><\/p>\n\t\t\t<rs-module-wrap id=\"rev_slider_2_1_wrapper\" data-source=\"gallery\" style=\"visibility:hidden;background:transparent;padding:0;margin:0px auto;margin-top:0;margin-bottom:0;\">\n\t\t\t\t<rs-module id=\"rev_slider_2_1\" style=\"\" data-version=\"6.5.11\">\n\t\t\t\t\t<rs-slides>\n\t\t\t\t\t\t<rs-slide style=\"position: absolute;\" data-key=\"rs-3\" data-title=\"Slide\" data-anim=\"ms:1000;r:0;\" data-in=\"o:0;\" data-out=\"a:false;\">\n\t\t\t\t\t\t\t<img src=\"\/\/pflege-helden.info\/wp-content\/plugins\/revslider\/public\/assets\/assets\/dummy.png\" alt=\"Slide\" title=\"Pflege-Helden\" class=\"rev-slidebg tp-rs-img rs-lazyload\" data-lazyload=\"\/\/pflege-helden.info\/wp-content\/plugins\/revslider\/public\/assets\/assets\/transparent.png\" data-no-retina>\n<!--\n\t\t\t\t\t\t\t--><rs-layer\n\t\t\t\t\t\t\t\tid=\"slider-2-slide-3-layer-1\" \n\t\t\t\t\t\t\t\tdata-type=\"text\"\n\t\t\t\t\t\t\t\tdata-color=\"#008777\"\n\t\t\t\t\t\t\t\tdata-rsp_ch=\"on\"\n\t\t\t\t\t\t\t\tdata-xy=\"x:71px;y:58px;\"\n\t\t\t\t\t\t\t\tdata-text=\"w:normal;s:25;l:28;\"\n\t\t\t\t\t\t\t\tdata-dim=\"w:324px;\"\n\t\t\t\t\t\t\t\tdata-frame_999=\"o:0;st:w;\"\n\t\t\t\t\t\t\t\tstyle=\"z-index:9;font-family:'Roboto';\"\n\t\t\t\t\t\t\t>Werde Pflegeheld\/in \n\t\t\t\t\t\t\t<\/rs-layer><!--\n\n\t\t\t\t\t\t\t--><rs-layer\n\t\t\t\t\t\t\t\tid=\"slider-2-slide-3-layer-4\" \n\t\t\t\t\t\t\t\tdata-type=\"text\"\n\t\t\t\t\t\t\t\tdata-color=\"#303030\"\n\t\t\t\t\t\t\t\tdata-rsp_ch=\"on\"\n\t\t\t\t\t\t\t\tdata-xy=\"x:71px;y:110px;\"\n\t\t\t\t\t\t\t\tdata-text=\"w:normal;s:15;l:20;fw:300;\"\n\t\t\t\t\t\t\t\tdata-dim=\"w:497px;\"\n\t\t\t\t\t\t\t\tdata-frame_999=\"o:0;st:w;\"\n\t\t\t\t\t\t\t\tstyle=\"z-index:10;font-family:'Roboto';\"\n\t\t\t\t\t\t\t>Du interessierst dich f\u00fcr eine Ausbildung in der Pflege? Mit Hilfe deiner Postleitzahl, kannst du auf dieser Seite Anbieter von Ausbildungspl\u00e4tzen in deiner N\u00e4he finden. Durch den entsprechenden Link gelangst du direkt zur Homepage des jeweiligen Anbieters. So kannst du deine Bewerbung direkt an den entsprechenden Anbieter senden.<br \/>\n<br \/>\nDie Webseite wird von der Ausbildungsallianz Niedersachsen zur Verf\u00fcgung gestellt. Aber was ist eigentlich die Ausbildungsallianz Niedersachsen? Wir sind ein Zusammenschluss von 20 Verb\u00e4nden und Arbeitsgemeinschaften, die die Verantwortung f\u00fcr die Pflegeausbildung in Niedersachsen tragen. Unser Ziel ist eine \u00fcbergreifende, verl\u00e4ssliche und gemeinschaftliche Pflegeausbildung in der ambulanten Pflege, in station\u00e4ren Pflegeeinrichtungen und in den Krankenh\u00e4usern anzubieten. \n\t\t\t\t\t\t\t<\/rs-layer><!--\n\n\t\t\t\t\t\t\t--><rs-layer\n\t\t\t\t\t\t\t\tid=\"slider-2-slide-3-layer-7\" \n\t\t\t\t\t\t\t\tdata-type=\"image\"\n\t\t\t\t\t\t\t\tdata-rsp_ch=\"on\"\n\t\t\t\t\t\t\t\tdata-text=\"w:normal;\"\n\t\t\t\t\t\t\t\tdata-dim=\"w:100%;h:100%;\"\n\t\t\t\t\t\t\t\tdata-frame_999=\"o:0;st:w;\"\n\t\t\t\t\t\t\t\tstyle=\"z-index:8;\"\n\t\t\t\t\t\t\t><img loading=\"lazy\" src=\"\/\/pflege-helden.info\/wp-content\/plugins\/revslider\/public\/assets\/assets\/dummy.png\" class=\"tp-rs-img rs-lazyload\" width=\"5300\" height=\"3490\" data-lazyload=\"\/\/pflege-helden.info\/wp-content\/uploads\/2019\/08\/Sprechblase_2-1.png\" data-c=\"cover-proportional\" data-no-retina> \n\t\t\t\t\t\t\t<\/rs-layer><!--\n-->\t\t\t\t\t\t<\/rs-slide>\n\t\t\t\t\t<\/rs-slides>\n\t\t\t\t<\/rs-module>\n\t\t\t\t<script type=\"text\/javascript\">\n\t\t\t\t\tsetREVStartSize({c: 'rev_slider_2_1',rl:[1240,1024,778,480],el:[547],gw:[830],gh:[547],type:'hero',justify:'',layout:'fullwidth',mh:\"0\"});if (window.RS_MODULES!==undefined && window.RS_MODULES.modules!==undefined && window.RS_MODULES.modules[\"revslider21\"]!==undefined) {window.RS_MODULES.modules[\"revslider21\"].once = false;window.revapi2 = undefined;if (window.RS_MODULES.checkMinimal!==undefined) window.RS_MODULES.checkMinimal()}\n\t\t\t\t<\/script>\n\t\t\t<\/rs-module-wrap>\n\t\t\t<!-- END REVOLUTION SLIDER -->\n\t\t\t<div style=\"clear:both;display:block;width:100%;height:0px\"><\/div><\/div>\n\n\t\t\t\t<\/div>\n\t\t\t\t<\/div>\n\t\t\t\t<div class=\"elementor-element elementor-element-4fdac01 elementor-hidden-desktop elementor-hidden-tablet elementor-widget elementor-widget-accordion\" data-id=\"4fdac01\" data-element_type=\"widget\" data-widget_type=\"accordion.default\">\n\t\t\t\t<div class=\"elementor-widget-container\">\n\t\t\t\t\t<div class=\"elementor-accordion\" role=\"tablist\">\n\t\t\t\t\t\t\t<div class=\"elementor-accordion-item\">\n\t\t\t\t\t<div id=\"elementor-tab-title-8371\" class=\"elementor-tab-title\" data-tab=\"1\" role=\"tab\" aria-controls=\"elementor-tab-content-8371\" aria-expanded=\"false\">\n\t\t\t\t\t\t\t\t\t\t\t\t\t<span class=\"elementor-accordion-icon elementor-accordion-icon-left\" aria-hidden=\"true\">\n\t\t\t\t\t\t\t\t\t\t\t\t\t\t\t<span class=\"elementor-accordion-icon-closed\"><i class=\"fas fa-plus\"><\/i><\/span>\n\t\t\t\t\t\t\t\t<span class=\"elementor-accordion-icon-opened\"><i class=\"fas fa-minus\"><\/i><\/span>\n\t\t\t\t\t\t\t\t\t\t\t\t\t\t<\/span>\n\t\t\t\t\t\t\t\t\t\t\t\t<a class=\"elementor-accordion-title\" href=\"\">Werde Pflegeheld\/in<\/a>\n\t\t\t\t\t<\/div>\n\t\t\t\t\t<div id=\"elementor-tab-content-8371\" class=\"elementor-tab-content elementor-clearfix\" data-tab=\"1\" role=\"tabpanel\" aria-labelledby=\"elementor-tab-title-8371\"><p>Du interessierst dich f\u00fcr eine Ausbildung in der Pflege? Mit Hilfe deiner Postleitzahl, kannst du auf dieser Seite Anbieter von Ausbildungspl\u00e4tzen in deiner N\u00e4he finden. Durch den entsprechenden Link gelangst du direkt zur Homepage des jeweiligen Anbieters. So kannst du deine Bewerbung direkt an den entsprechenden Anbieter senden.<br \/>\u00a0<br \/>Die Webseite wird von der Ausbildungsallianz Niedersachsen zur Verf\u00fcgung gestellt. Aber was ist eigentlich die Ausbildungsallianz Niedersachsen? Wir sind ein Zusammenschluss von 20 Verb\u00e4nden und Arbeitsgemeinschaften, die die Verantwortung f\u00fcr die Pflegeausbildung in Niedersachsen tragen. Unser Ziel ist eine \u00fcbergreifende, verl\u00e4ssliche und gemeinschaftliche Pflegeausbildung in der ambulanten Pflege, in station\u00e4ren Pflegeeinrichtungen und in den Krankenh\u00e4usern anzubieten.<\/p><\/div>\n\t\t\t\t<\/div>\n\t\t\t\t\t\t\t\t<\/div>\n\t\t\t\t<\/div>\n\t\t\t\t<\/div>\n\t\t\t\t\t\t<\/div>\n\t\t\t\t\t<\/div>\n\t\t<\/div>\n\t\t\t\t\t\t\t\t<\/div>\n\t\t\t\t\t<\/div>\n\t\t<\/section>\n\t\t\t\t\t\t<\/div>\n\t\t\t\t\t<\/div>\n\t\t<\/div>\n\t\t\t\t\t\t\t\t<\/div>\n\t\t\t\t\t<\/div>\n\t\t<\/section>\n\t\t\t\t\t\t<\/div>\n\t\t\t\t\t\t<\/div>\n\t\t\t\t\t<\/div>\n\t\t","protected":false},"excerpt":{"rendered":"<p>Finde passende Ausbildungspl\u00e4tzeauch in deiner N\u00e4he und bewirb dich jetzt! Werde Pflegeheld\/in Du interessierst dich f\u00fcr eine Ausbildung in der Pflege? Mit Hilfe deiner Postleitzahl, kannst du auf dieser Seite Anbieter von Ausbildungspl\u00e4tzen in deiner N\u00e4he finden. Durch den entsprechenden Link gelangst du direkt zur Homepage des jeweiligen Anbieters. So kannst du deine Bewerbung direkt [&hellip;]<\/p>\n","protected":false},"author":1,"featured_media":0,"parent":0,"menu_order":0,"comment_status":"closed","ping_status":"closed","template":"","meta":[],"acf":[],"_links":{"self":[{"href":"https:\/\/pflege-helden.info\/index.php?rest_route=\/wp\/v2\/pages\/510"}],"collection":[{"href":"https:\/\/pflege-helden.info\/index.php?rest_route=\/wp\/v2\/pages"}],"about":[{"href":"https:\/\/pflege-helden.info\/index.php?rest_route=\/wp\/v2\/types\/page"}],"author":[{"embeddable":true,"href":"https:\/\/pflege-helden.info\/index.php?rest_route=\/wp\/v2\/users\/1"}],"replies":[{"embeddable":true,"href":"https:\/\/pflege-helden.info\/index.php?rest_route=%2Fwp%2Fv2%2Fcomments&post=510"}],"version-history":[{"count":93,"href":"https:\/\/pflege-helden.info\/index.php?rest_route=\/wp\/v2\/pages\/510\/revisions"}],"predecessor-version":[{"id":818,"href":"https:\/\/pflege-helden.info\/index.php?rest_route=\/wp\/v2\/pages\/510\/revisions\/818"}],"wp:attachment":[{"href":"https:\/\/pflege-helden.info\/index.php?rest_route=%2Fwp%2Fv2%2Fmedia&parent=510"}],"curies":[{"name":"wp","href":"https:\/\/api.w.org\/{rel}","templated":true}]}}